{"id":124,"date":"2024-11-08T15:56:03","date_gmt":"2024-11-08T14:56:03","guid":{"rendered":"https:\/\/leav.aristid.group\/?page_id=124"},"modified":"2024-11-14T11:03:23","modified_gmt":"2024-11-14T10:03:23","slug":"politique-en-matiere-de-cookies","status":"publish","type":"page","link":"https:\/\/www.leav-engine.com\/index.php\/politique-en-matiere-de-cookies\/","title":{"rendered":"Politique en mati\u00e8re de cookies"},"content":{"rendered":"<p>[et_pb_section fb_built=&#8221;1&#8243; _builder_version=&#8221;4.24.0&#8243; _module_preset=&#8221;default&#8221; da_disable_devices=&#8221;off|off|off&#8221; global_colors_info=&#8221;{}&#8221; da_is_popup=&#8221;off&#8221; da_exit_intent=&#8221;off&#8221; da_has_close=&#8221;on&#8221; da_alt_close=&#8221;off&#8221; da_dark_close=&#8221;off&#8221; da_not_modal=&#8221;on&#8221; da_is_singular=&#8221;off&#8221; da_with_loader=&#8221;off&#8221; da_has_shadow=&#8221;on&#8221;][et_pb_row _builder_version=&#8221;4.24.0&#8243; _module_preset=&#8221;default&#8221; custom_padding=&#8221;||5%||false|false&#8221; global_colors_info=&#8221;{}&#8221;][et_pb_column type=&#8221;4_4&#8243; _builder_version=&#8221;4.24.0&#8243; _module_preset=&#8221;default&#8221; global_colors_info=&#8221;{}&#8221;][et_pb_text _builder_version=&#8221;4.27.3&#8243; _module_preset=&#8221;default&#8221; text_text_color=&#8221;#2d2d2d&#8221; link_text_color=&#8221;#8051fc&#8221; header_font=&#8221;|700||on|||||&#8221; header_text_color=&#8221;#6639ea&#8221; header_font_size=&#8221;32px&#8221; header_line_height=&#8221;2.3em&#8221; header_2_font=&#8221;|600|||||||&#8221; header_2_text_color=&#8221;#6639ea&#8221; header_2_font_size=&#8221;23px&#8221; global_colors_info=&#8221;{}&#8221;]<\/p>\n<div id=\"bgLayers_comp-ldsm5rq2\" data-hook=\"bgLayers\" data-motion-part=\"BG_LAYER\" class=\"MW5IWV\">\n<div id=\"bgMedia_comp-ldsm5rq2\" data-motion-part=\"BG_MEDIA\" class=\"VgO9Yg\"><\/div>\n<\/div>\n<div data-mesh-id=\"comp-ldsm5rq2inlineContent\" data-testid=\"inline-content\" class=\"\">\n<div data-mesh-id=\"comp-ldsm5rq2inlineContent-gridContainer\" data-testid=\"mesh-container-content\">\n<div id=\"comp-ldsn10gz\" class=\"HcOXKn c9GqVL QxJLC3 lq2cno comp-ldsn10gz wixui-rich-text\" data-testid=\"richTextElement\">\n<h1 class=\"font_0 wixui-rich-text__text\"><span class=\"wixui-rich-text__text\"><span class=\"color_18 wixui-rich-text__text\">Politique en mati\u00e8re de cookies<\/span><\/span><\/h1>\n<\/div>\n<div id=\"comp-le8jj7h8\" class=\"HcOXKn c9GqVL QxJLC3 lq2cno comp-le8jj7h8 wixui-rich-text\" data-testid=\"richTextElement\">\n<h2 class=\"font_5 wixui-rich-text__text\"><span class=\"wixui-rich-text__text\">1. Qu&#8217;est-ce qu&#8217;un cookie ?<\/span><\/h2>\n<p class=\"font_5 wixui-rich-text__text\"><span class=\"wixui-rich-text__text\">Un cookie est un petit fichier constitu\u00e9 de lettres et de chiffres et t\u00e9l\u00e9charg\u00e9 sur votre ordinateur lorsque vous acc\u00e9dez \u00e0 certains sites web. En g\u00e9n\u00e9ral, les cookies permettent \u00e0 un site web de reconna\u00eetre l&#8217;ordinateur de l\u2019utilisateur.\u200b La chose la plus importante \u00e0 savoir sur les cookies que nous pla\u00e7ons est qu&#8217;ils servent \u00e0 am\u00e9liorer la convivialit\u00e9 de notre site web, par exemple en m\u00e9morisant les pr\u00e9f\u00e9rences du site et les param\u00e8tres linguistiques.<\/span><\/p>\n<h2 class=\"font_5 wixui-rich-text__text\"><br class=\"wixui-rich-text__text\" \/><span class=\"wixui-rich-text__text\">2. Pourquoi utilisons-nous des cookies ?<\/span><\/h2>\n<p class=\"font_5 wixui-rich-text__text\"><span class=\"wixui-rich-text__text\">Nous pouvons utiliser des cookies et d&#8217;autres technologies similaires pour un certain nombre de raisons, par exemple : i) pour des besoins de s\u00e9curit\u00e9 ou de protection contre la fraude, et afin d&#8217;identifier et de pr\u00e9venir les cyber-attaques, ii) pour vous fournir le service que vous avez choisi de recevoir de notre part, iii) pour contr\u00f4ler et analyser les performances, le fonctionnement et l&#8217;efficacit\u00e9 de notre service et iv) d&#8217;am\u00e9liorer votre exp\u00e9rience utilisateur.<\/span><\/p>\n<h2 class=\"font_5 wixui-rich-text__text\"><br class=\"wixui-rich-text__text\" \/><span class=\"wixui-rich-text__text\">3. Tableau des cookies<\/span><\/h2>\n<p class=\"font_5 wixui-rich-text__text\"><span class=\"wixui-rich-text__text\">Pour consulter la liste des cookies que nous utilisons sur notre site,<span>\u00a0<\/span><\/span><span class=\"wixui-rich-text__text\"><a target=\"_self\" data-popupid=\"oxaqs\" role=\"button\" aria-haspopup=\"dialog\" class=\"wixui-rich-text__text\" rel=\"noopener\" tabindex=\"0\">cliquez ici.<\/a><\/span><\/p>\n<h2 class=\"font_5 wixui-rich-text__text\"><br class=\"wixui-rich-text__text\" \/><span class=\"wixui-rich-text__text\">4. Vos choix :<\/span><\/h2>\n<p class=\"font_8 wixui-rich-text__text\">Pour en savoir plus sur les cookies, notamment sur la mani\u00e8re de voir quels cookies ont \u00e9t\u00e9 d\u00e9finis et de comprendre comment les g\u00e9rer, les supprimer ou les bloquer, visitez<span>\u00a0<\/span><span class=\"wixui-rich-text__text\"><a href=\"https:\/\/aboutcookies.org\/\" target=\"_blank\" rel=\"noreferrer noopener\" class=\"wixui-rich-text__text\">https:\/\/aboutcookies.org\/<\/a><\/span><span>\u00a0<\/span>.<\/p>\n<p class=\"font_8 wixui-rich-text__text\">Il est \u00e9galement possible d&#8217;emp\u00eacher votre navigateur d&#8217;accepter les cookies en modifiant les param\u00e8tres concern\u00e9s dans votre navigateur. Vous pouvez g\u00e9n\u00e9ralement trouver ces param\u00e8tres dans le menu<span>\u00a0<\/span><span class=\"wixui-rich-text__text\">\u00ab\u00a0<\/span>Options\u00a0<span class=\"wixui-rich-text__text\">\u00bb<\/span><span>\u00a0<\/span>ou<span>\u00a0<\/span><span class=\"wixui-rich-text__text\">\u00ab\u00a0<\/span>Pr\u00e9f\u00e9rences\u00a0<span class=\"wixui-rich-text__text\">\u00bb<\/span><span>\u00a0<\/span>de votre navigateur.<\/p>\n<p class=\"font_8 wixui-rich-text__text\">Veuillez noter que la suppression de nos cookies ou la d\u00e9sactivation de futurs cookies ou technologies de suivi pourront vous emp\u00eacher d&#8217;acc\u00e9der \u00e0 certaines zones ou fonctionnalit\u00e9s de nos services, ou pourront autrement affecter n\u00e9gativement votre exp\u00e9rience d&#8217;utilisateur.<\/p>\n<p class=\"font_8 wixui-rich-text__text\">Les liens suivants peuvent \u00eatre utiles, ou vous pouvez utiliser l&#8217;option<span>\u00a0<\/span><span class=\"wixui-rich-text__text\">\u00ab\u00a0<\/span>Aide\u00a0<span class=\"wixui-rich-text__text\">\u00bb<\/span><span>\u00a0<\/span>de votre navigateur.<\/p>\n<ul>\n<li style=\"list-style-type: none;\">\n<ul class=\"font_8 wixui-rich-text__text\">\n<li class=\"wixui-rich-text__text\">\n<p class=\"font_8 wixui-rich-text__text\"><span class=\"wixui-rich-text__text\"><a href=\"https:\/\/support.mozilla.org\/fr\/kb\/protection-renforcee-contre-pistage-firefox-ordinateur?redirectslug=Enabling+and+disabling+cookies&amp;redirectlocale=en-US\" target=\"_blank\" rel=\"noreferrer noopener\" class=\"wixui-rich-text__text\">Param\u00e8tres des cookies dans Firefox<\/a><\/span><\/p>\n<\/li>\n<li class=\"wixui-rich-text__text\">\n<p class=\"font_8 wixui-rich-text__text\"><span class=\"wixui-rich-text__text\"><a href=\"https:\/\/support.microsoft.com\/fr-fr\/topic\/supprimer-et-g%C3%A9rer-les-cookies-168dab11-0753-043d-7c16-ede5947fc64d\" target=\"_blank\" rel=\"noreferrer noopener\" class=\"wixui-rich-text__text\">Param\u00e8tres des cookies dans Internet Explorer<\/a><\/span><\/p>\n<\/li>\n<li class=\"wixui-rich-text__text\">\n<p class=\"font_8 wixui-rich-text__text\"><span class=\"wixui-rich-text__text\"><a href=\"https:\/\/support.google.com\/chrome\/answer\/95647?hl=fr\" target=\"_blank\" rel=\"noreferrer noopener\" class=\"wixui-rich-text__text\">Param\u00e8tres des cookies dans Google Chrome<\/a><\/span><\/p>\n<\/li>\n<li class=\"wixui-rich-text__text\">\n<p class=\"font_8 wixui-rich-text__text\"><span class=\"wixui-rich-text__text\"><a href=\"https:\/\/support.apple.com\/fr-fr\/guide\/safari\/sfri11471\/mac\" target=\"_blank\" rel=\"noreferrer noopener\" class=\"wixui-rich-text__text\">Param\u00e8tres des cookies dans Safari (OS X)<\/a><\/span><\/p>\n<\/li>\n<li class=\"wixui-rich-text__text\">\n<p class=\"font_8 wixui-rich-text__text\"><span class=\"wixui-rich-text__text\"><a href=\"https:\/\/support.apple.com\/fr-fr\/HT201265\" target=\"_blank\" rel=\"noreferrer noopener\" class=\"wixui-rich-text__text\">Param\u00e8tres des cookies dans Safari (iOS)<\/a><\/span><\/p>\n<\/li>\n<li class=\"wixui-rich-text__text\">\n<p class=\"font_8 wixui-rich-text__text\"><span class=\"wixui-rich-text__text\"><a href=\"https:\/\/support.google.com\/accounts\/answer\/32050?co=GENIE.Platform%3DAndroid&amp;hl=fr\" target=\"_blank\" rel=\"noreferrer noopener\" class=\"wixui-rich-text__text\">Param\u00e8tres des cookies dans Android<\/a><\/span><br class=\"wixui-rich-text__text\" \/>\u200b<\/p>\n<\/li>\n<\/ul>\n<\/li>\n<\/ul>\n<p class=\"font_8 wixui-rich-text__text\">Pour refuser et emp\u00eacher que vos donn\u00e9es soient utilis\u00e9es par Google Analytics sur tous les sites web, consultez les instructions suivantes : <span class=\"wixui-rich-text__text\"><a href=\"https:\/\/tools.google.com\/dlpage\/gaoptout?hl=fr\" target=\"_blank\" rel=\"noreferrer noopener\" class=\"wixui-rich-text__text\">https:\/\/tools.google.com\/dlpage\/gaoptout?hl=fr<\/a><\/span>.<\/p>\n<p class=\"font_8 wixui-rich-text__text\"><span class=\"wixGuard wixui-rich-text__text\">\u200b<\/span><\/p>\n<p class=\"font_8 wixui-rich-text__text\">Il se peut que nous modifiions cette politique en mati\u00e8re de cookies. Nous vous encourageons \u00e0 consulter r\u00e9guli\u00e8rement cette page pour obtenir les derni\u00e8res informations sur les cookies.<\/p>\n<\/div>\n<\/div>\n<\/div>\n<p>[\/et_pb_text][\/et_pb_column][\/et_pb_row][\/et_pb_section]<\/p>\n","protected":false},"excerpt":{"rendered":"<p>Politique en mati\u00e8re de cookies 1. Qu&#8217;est-ce qu&#8217;un cookie ? Un cookie est un petit fichier constitu\u00e9 de lettres et de chiffres et t\u00e9l\u00e9charg\u00e9 sur votre ordinateur lorsque vous acc\u00e9dez \u00e0 certains sites web. En g\u00e9n\u00e9ral, les cookies permettent \u00e0 un site web de reconna\u00eetre l&#8217;ordinateur de l\u2019utilisateur.\u200b La chose la plus importante \u00e0 savoir [&hellip;]<\/p>\n","protected":false},"author":2,"featured_media":0,"parent":0,"menu_order":0,"comment_status":"closed","ping_status":"closed","template":"","meta":{"_et_pb_use_builder":"on","_et_pb_old_content":"","_et_gb_content_width":"","footnotes":""},"class_list":["post-124","page","type-page","status-publish","hentry"],"_links":{"self":[{"href":"https:\/\/www.leav-engine.com\/index.php\/wp-json\/wp\/v2\/pages\/124","targetHints":{"allow":["GET"]}}],"collection":[{"href":"https:\/\/www.leav-engine.com\/index.php\/wp-json\/wp\/v2\/pages"}],"about":[{"href":"https:\/\/www.leav-engine.com\/index.php\/wp-json\/wp\/v2\/types\/page"}],"author":[{"embeddable":true,"href":"https:\/\/www.leav-engine.com\/index.php\/wp-json\/wp\/v2\/users\/2"}],"replies":[{"embeddable":true,"href":"https:\/\/www.leav-engine.com\/index.php\/wp-json\/wp\/v2\/comments?post=124"}],"version-history":[{"count":5,"href":"https:\/\/www.leav-engine.com\/index.php\/wp-json\/wp\/v2\/pages\/124\/revisions"}],"predecessor-version":[{"id":335,"href":"https:\/\/www.leav-engine.com\/index.php\/wp-json\/wp\/v2\/pages\/124\/revisions\/335"}],"wp:attachment":[{"href":"https:\/\/www.leav-engine.com\/index.php\/wp-json\/wp\/v2\/media?parent=124"}],"curies":[{"name":"wp","href":"https:\/\/api.w.org\/{rel}","templated":true}]}}