{"id":128,"date":"2024-11-08T16:00:18","date_gmt":"2024-11-08T15:00:18","guid":{"rendered":"https:\/\/leav.aristid.group\/?page_id=128"},"modified":"2024-11-14T11:01:57","modified_gmt":"2024-11-14T10:01:57","slug":"mentions-legales","status":"publish","type":"page","link":"https:\/\/www.leav-engine.com\/index.php\/mentions-legales\/","title":{"rendered":"Mentions l\u00e9gales"},"content":{"rendered":"<p>[et_pb_section fb_built=&#8221;1&#8243; _builder_version=&#8221;4.24.0&#8243; _module_preset=&#8221;default&#8221; da_disable_devices=&#8221;off|off|off&#8221; global_colors_info=&#8221;{}&#8221; da_is_popup=&#8221;off&#8221; da_exit_intent=&#8221;off&#8221; da_has_close=&#8221;on&#8221; da_alt_close=&#8221;off&#8221; da_dark_close=&#8221;off&#8221; da_not_modal=&#8221;on&#8221; da_is_singular=&#8221;off&#8221; da_with_loader=&#8221;off&#8221; da_has_shadow=&#8221;on&#8221;][et_pb_row _builder_version=&#8221;4.24.0&#8243; _module_preset=&#8221;default&#8221; custom_padding=&#8221;||5%||false|false&#8221; global_colors_info=&#8221;{}&#8221;][et_pb_column type=&#8221;4_4&#8243; _builder_version=&#8221;4.24.0&#8243; _module_preset=&#8221;default&#8221; global_colors_info=&#8221;{}&#8221;][et_pb_text _builder_version=&#8221;4.27.3&#8243; _module_preset=&#8221;default&#8221; text_text_color=&#8221;#2d2d2d&#8221; link_text_color=&#8221;#8051fc&#8221; header_font=&#8221;|700||on|||||&#8221; header_text_color=&#8221;#6639ea&#8221; header_font_size=&#8221;32px&#8221; header_line_height=&#8221;2.3em&#8221; header_2_font=&#8221;|600|||||||&#8221; header_2_text_color=&#8221;#6639ea&#8221; header_2_font_size=&#8221;23px&#8221; global_colors_info=&#8221;{}&#8221;]<\/p>\n<div id=\"bgLayers_comp-ldsm5rq2\" data-hook=\"bgLayers\" data-motion-part=\"BG_LAYER\" class=\"MW5IWV\">\n<h1 data-motion-part=\"BG_MEDIA\" class=\"VgO9Yg\"><\/h1>\n<h1 id=\"bgMedia_comp-ldsm5rq2\" data-motion-part=\"BG_MEDIA\" class=\"VgO9Yg\">Mentions l\u00e9gales<\/h1>\n<\/div>\n<div data-mesh-id=\"comp-ldsm5rq2inlineContent\" data-testid=\"inline-content\" class=\"\">\n<div data-mesh-id=\"comp-ldsm5rq2inlineContent-gridContainer\" data-testid=\"mesh-container-content\">\n<div id=\"comp-le8jj7h8\" class=\"HcOXKn c9GqVL QxJLC3 lq2cno comp-le8jj7h8 wixui-rich-text\" data-testid=\"richTextElement\">\n<p class=\"font_8 wixui-rich-text__text\"><span class=\"wixui-rich-text__text\">Conform\u00e9ment aux dispositions des Articles 6-III et 19 de la Loi n\u00b02004-575 du 21 juin 2004 pour la Confiance dans l\u2019\u00e9conomie num\u00e9rique, dite L.C.E.N., il est port\u00e9 \u00e0 la connaissance des utilisateurs et visiteurs, ci-apr\u00e8s l\u2019&#8221;Utilisateur&#8221;, du site<span>\u00a0<\/span><a data-auto-recognition=\"true\" href=\"http:\/\/www.leav-engine.com\/\" target=\"_blank\" class=\"wixui-rich-text__text\" rel=\"noopener\">www.leav-engine.com<\/a><span>\u00a0<\/span>, ci-apr\u00e8s le &#8220;Site&#8221;, les pr\u00e9sentes mentions l\u00e9gales.<\/span><\/p>\n<p class=\"font_8 wixui-rich-text__text\"><span class=\"wixui-rich-text__text\">La connexion et la navigation sur le Site par l\u2019Utilisateur impliquent acceptation int\u00e9grale et sans r\u00e9serve des pr\u00e9sentes mentions l\u00e9gales.\u00a0Ces derni\u00e8res sont accessibles sur le Site \u00e0 la rubrique \u00ab Mentions l\u00e9gales \u00bb pr\u00e9sente sur chaque bas de page.<\/span><\/p>\n<p class=\"font_8 wixui-rich-text__text\"><span class=\"wixui-rich-text__text\"><span class=\"wixGuard wixui-rich-text__text\">\u200b<\/span><\/span><\/p>\n<h2 class=\"font_9 wixui-rich-text__text\"><span class=\"wixui-rich-text__text\">ARTICLE 1 &#8211; L&#8217;\u00c9DITEUR<\/span><\/h2>\n<p class=\"font_8 wixui-rich-text__text\"><span class=\"wixui-rich-text__text\"><span class=\"wixGuard wixui-rich-text__text\">\u200b<\/span><\/span><span style=\"font-size: 14px;\">\u00c9diteur ARISTID Hub<\/span><\/p>\n<p class=\"font_8 wixui-rich-text__text\">Soci\u00e9t\u00e9 par actions simplifi\u00e9e au capital de 1.500 \u20ac \u2013 Si\u00e8ge social : 49 avenue d\u2019I\u00e9na \u2013 75116 Paris<\/p>\n<p class=\"font_8 wixui-rich-text__text\">RCS Paris : 451 120 810 \u2013 Adresse de courrier \u00e9lectronique :\u00a0<span class=\"wixui-rich-text__text\"><a href=\"mailto:contact@cacom.fr\" target=\"_self\" class=\"wixui-rich-text__text\" rel=\"noopener\">contact@aristid.com<\/a><\/span><\/p>\n<p class=\"font_8 wixui-rich-text__text\">T\u00e9l\u00e9phone : (33) 01.53.67.74.00 \u2013 TVA : FR 12 451 120 810<\/p>\n<p class=\"font_8 wixui-rich-text__text\">Directeur de la publication : Rodolphe BONNASSE<\/p>\n<p class=\"font_8 wixui-rich-text__text\"><span class=\"wixui-rich-text__text\">Adresse e-mail :<span>\u00a0<\/span><a data-auto-recognition=\"true\" href=\"mailto:contact@aristid.com\" class=\"wixui-rich-text__text\">contact@aristid.com<\/a><\/span><\/p>\n<p class=\"font_8 wixui-rich-text__text\"><span class=\"wixui-rich-text__text\"><span class=\"wixGuard wixui-rich-text__text\">\u200b<\/span><\/span><\/p>\n<h2 class=\"font_9 wixui-rich-text__text\"><span class=\"wixui-rich-text__text\">ARTICLE 2 &#8211; L&#8217;H\u00c9BERGEUR<\/span><\/h2>\n<p class=\"font_8 wixui-rich-text__text\"><span class=\"wixui-rich-text__text\"><span class=\"color_15 wixui-rich-text__text\">L&#8217;h\u00e9bergeur du Site est la soci\u00e9t\u00e9 OVH<\/span><\/span><\/p>\n<p>SAS au capital de 50 000 000 \u20ac<\/p>\n<p>RCS Lille M\u00e9tropole 424 761 419 00045<br \/>Code APE 2620Z<br \/>N\u00b0 TVA : FR 22 424 761 419<br \/>Si\u00e8ge social : 2 rue Kellermann &#8211; 59100 Roubaix &#8211; France<\/p>\n<p>OVH SAS est une filiale de la soci\u00e9t\u00e9 OVH Groupe SA, soci\u00e9t\u00e9 immatricul\u00e9e au RCS de Lille sous le num\u00e9ro 537 407 926 sise 2, rue Kellermann, 59100 Roubaix.<\/p>\n<p>Directeur de la publication\u00a0:\u00a0Michel Paulin<\/p>\n<p>Ce site est h\u00e9berg\u00e9 par OVH SAS 2 rue Kellermann &#8211; 59100 Roubaix &#8211; France<\/p>\n<p class=\"font_8 wixui-rich-text__text\"><span class=\"wixui-rich-text__text\"><span class=\"color_15 wixui-rich-text__text\"><span class=\"wixGuard wixui-rich-text__text\">\u200b<\/span><\/span><\/span><\/p>\n<h2 class=\"font_9 wixui-rich-text__text\"><span class=\"wixui-rich-text__text\">ARTICLE 3 &#8211; ACC\u00c8S AU SITE<\/span><\/h2>\n<p class=\"font_8 wixui-rich-text__text\"><span class=\"wixui-rich-text__text\"><span class=\"wixGuard wixui-rich-text__text\">\u200b<\/span><\/span><span style=\"font-size: 14px;\">Le Site est accessible en tout endroit, 7j\/7, 24h\/24 sauf cas de force majeure, interruption programm\u00e9e ou non et pouvant d\u00e9coulant d\u2019une n\u00e9cessit\u00e9 de maintenance.<\/span><\/p>\n<p class=\"font_8 wixui-rich-text__text\"><span class=\"wixui-rich-text__text\">En cas de modification, interruption ou suspension du Site, l&#8217;\u00c9diteur ne saurait \u00eatre tenu responsable.<\/span><\/p>\n<p class=\"font_8 wixui-rich-text__text\"><span class=\"wixui-rich-text__text\"><\/span><\/p>\n<p class=\"font_8 wixui-rich-text__text\"><span class=\"wixui-rich-text__text\"><\/span><\/p>\n<p class=\"font_8 wixui-rich-text__text\"><span class=\"wixui-rich-text__text\"><\/span><\/p>\n<h2 class=\"font_9 wixui-rich-text__text\"><span class=\"wixui-rich-text__text\">ARTICLE 4 &#8211; COLLECTE DES DONN\u00c9ES<\/span><\/h2>\n<p class=\"font_8 wixui-rich-text__text\"><span class=\"wixui-rich-text__text\"><span class=\"wixGuard wixui-rich-text__text\">\u200b<\/span><\/span><span style=\"font-size: 14px;\">Le Site assure \u00e0 l&#8217;Utilisateur une collecte et un traitement d&#8217;informations personnelles dans le respect de la vie priv\u00e9e conform\u00e9ment \u00e0 la loi n\u00b078-17 du 6 janvier 1978 relative \u00e0 l&#8217;informatique, aux fichiers et aux libert\u00e9s.\u00a0<\/span><\/p>\n<p class=\"font_8 wixui-rich-text__text\"><span class=\"wixui-rich-text__text\">En vertu de la loi Informatique et Libert\u00e9s, en date du 6 janvier 1978, l&#8217;Utilisateur dispose d&#8217;un droit d&#8217;acc\u00e8s, de rectification, de suppression et d&#8217;opposition de ses donn\u00e9es personnelles.<\/span><\/p>\n<p class=\"font_8 wixui-rich-text__text\"><span class=\"wixui-rich-text__text\">L&#8217;Utilisateur exerce ce droit par mail \u00e0 l&#8217;adresse email :<span>\u00a0<\/span><a data-auto-recognition=\"true\" href=\"mailto:contact@aristid.com\" class=\"wixui-rich-text__text\">contact@aristid.com<\/a><\/span><\/p>\n<p class=\"font_8 wixui-rich-text__text\"><span class=\"wixui-rich-text__text\">Toute utilisation, reproduction, diffusion, commercialisation, modification de toute ou partie du Site, sans autorisation de l\u2019Editeur est prohib\u00e9e et pourra entra\u00eener des actions et poursuites judiciaires telles que notamment pr\u00e9vues par le Code de la propri\u00e9t\u00e9 intellectuelle et le Code civil.<\/span><\/p>\n<\/div>\n<\/div>\n<\/div>\n<p>[\/et_pb_text][\/et_pb_column][\/et_pb_row][\/et_pb_section]<\/p>\n","protected":false},"excerpt":{"rendered":"<p>Mentions l\u00e9gales Conform\u00e9ment aux dispositions des Articles 6-III et 19 de la Loi n\u00b02004-575 du 21 juin 2004 pour la Confiance dans l\u2019\u00e9conomie num\u00e9rique, dite L.C.E.N., il est port\u00e9 \u00e0 la connaissance des utilisateurs et visiteurs, ci-apr\u00e8s l\u2019&#8221;Utilisateur&#8221;, du site\u00a0www.leav-engine.com\u00a0, ci-apr\u00e8s le &#8220;Site&#8221;, les pr\u00e9sentes mentions l\u00e9gales. La connexion et la navigation sur le Site [&hellip;]<\/p>\n","protected":false},"author":2,"featured_media":0,"parent":0,"menu_order":0,"comment_status":"closed","ping_status":"closed","template":"","meta":{"_et_pb_use_builder":"on","_et_pb_old_content":"","_et_gb_content_width":"","footnotes":""},"class_list":["post-128","page","type-page","status-publish","hentry"],"_links":{"self":[{"href":"https:\/\/www.leav-engine.com\/index.php\/wp-json\/wp\/v2\/pages\/128","targetHints":{"allow":["GET"]}}],"collection":[{"href":"https:\/\/www.leav-engine.com\/index.php\/wp-json\/wp\/v2\/pages"}],"about":[{"href":"https:\/\/www.leav-engine.com\/index.php\/wp-json\/wp\/v2\/types\/page"}],"author":[{"embeddable":true,"href":"https:\/\/www.leav-engine.com\/index.php\/wp-json\/wp\/v2\/users\/2"}],"replies":[{"embeddable":true,"href":"https:\/\/www.leav-engine.com\/index.php\/wp-json\/wp\/v2\/comments?post=128"}],"version-history":[{"count":4,"href":"https:\/\/www.leav-engine.com\/index.php\/wp-json\/wp\/v2\/pages\/128\/revisions"}],"predecessor-version":[{"id":333,"href":"https:\/\/www.leav-engine.com\/index.php\/wp-json\/wp\/v2\/pages\/128\/revisions\/333"}],"wp:attachment":[{"href":"https:\/\/www.leav-engine.com\/index.php\/wp-json\/wp\/v2\/media?parent=128"}],"curies":[{"name":"wp","href":"https:\/\/api.w.org\/{rel}","templated":true}]}}