{"id":72,"date":"2024-11-08T11:18:40","date_gmt":"2024-11-08T10:18:40","guid":{"rendered":"https:\/\/leav.aristid.group\/?page_id=72"},"modified":"2024-11-14T13:57:51","modified_gmt":"2024-11-14T12:57:51","slug":"recrutement","status":"publish","type":"page","link":"https:\/\/www.leav-engine.com\/index.php\/recrutement\/","title":{"rendered":"Recrutement"},"content":{"rendered":"<p>[et_pb_section fb_built=&#8221;1&#8243; _builder_version=&#8221;4.24.0&#8243; _module_preset=&#8221;default&#8221; da_disable_devices=&#8221;off|off|off&#8221; global_colors_info=&#8221;{}&#8221; da_is_popup=&#8221;off&#8221; da_exit_intent=&#8221;off&#8221; da_has_close=&#8221;on&#8221; da_alt_close=&#8221;off&#8221; da_dark_close=&#8221;off&#8221; da_not_modal=&#8221;on&#8221; da_is_singular=&#8221;off&#8221; da_with_loader=&#8221;off&#8221; da_has_shadow=&#8221;on&#8221;][et_pb_row _builder_version=&#8221;4.27.2&#8243; _module_preset=&#8221;default&#8221; custom_padding=&#8221;||||false|false&#8221; global_colors_info=&#8221;{}&#8221;][et_pb_column type=&#8221;4_4&#8243; _builder_version=&#8221;4.27.2&#8243; _module_preset=&#8221;default&#8221; global_colors_info=&#8221;{}&#8221;][et_pb_text _builder_version=&#8221;4.27.3&#8243; _module_preset=&#8221;default&#8221; text_text_color=&#8221;#2d2d2d&#8221; link_font=&#8221;||||on||||&#8221; header_font=&#8221;|700|||||||&#8221; header_text_color=&#8221;#6639ea&#8221; header_font_size=&#8221;32px&#8221; header_2_font=&#8221;|600|||||||&#8221; header_2_text_color=&#8221;#6639ea&#8221; header_2_font_size=&#8221;23px&#8221; hover_enabled=&#8221;0&#8243; global_colors_info=&#8221;{}&#8221; header_line_height=&#8221;1.1em&#8221; sticky_enabled=&#8221;0&#8243;]<\/p>\n<div id=\"bgLayers_comp-ldsm5rq2\" data-hook=\"bgLayers\" data-motion-part=\"BG_LAYER\" class=\"MW5IWV\">\n<div id=\"bgMedia_comp-ldsm5rq2\" data-motion-part=\"BG_MEDIA\" class=\"VgO9Yg\">\n<div id=\"comp-laqt7x1i1\" class=\"HcOXKn c9GqVL QxJLC3 lq2cno comp-laqt7x1i1 wixui-rich-text\" data-testid=\"richTextElement\">\n<h1 class=\"font_3 wixui-rich-text__text\"><span class=\"wixui-rich-text__text\">Rejoignez les \u00e9quipes tech d&#8217;ARISTID !<\/span><\/h1>\n<p><span class=\"wixui-rich-text__text\"><\/span><\/p>\n<p><span class=\"wixui-rich-text__text\"><\/span><\/p>\n<\/div>\n<div id=\"comp-laqt7x1s\" class=\"HcOXKn c9GqVL QxJLC3 lq2cno comp-laqt7x1s wixui-rich-text\" data-testid=\"richTextElement\">\n<p class=\"font_8 wixui-rich-text__text\"><span class=\"wixui-rich-text__text\">Nous sommes r\u00e9guli\u00e8rement \u00e0 la recherche des d\u00e9veloppeurs pour concevoir nos technologies.<\/span><br class=\"wixui-rich-text__text\" \/><br class=\"wixui-rich-text__text\" \/><span class=\"wixui-rich-text__text\"><strong><span style=\"color: #6639ea;\">Retrouvez toute l&#8217;actualit\u00e9 de nos offres d&#8217;emploi et n&#8217;h\u00e9sitez pas \u00e0\u00a0postuler\u00a0en candidature libre sur\u00a0<\/span><\/strong><a href=\"https:\/\/www.aristid.com\/aristid-recrutement\/\" target=\"_blank\" rel=\"noreferrer noopener\" class=\"wixui-rich-text__text\"><strong><span style=\"color: #6639ea;\">notre plateforme de recrutement sur www.aristid.com<\/span><\/strong><\/a><\/span><br class=\"wixui-rich-text__text\" \/><br class=\"wixui-rich-text__text\" \/><span class=\"wixui-rich-text__text\">ARISTID Retail Technology est le leader fran\u00e7ais de la transformation digitale de la communication retail. Dans le cadre des ses activit\u00e9s, ARISTID propose \u00e0 ses clients un panel d&#8217;outils digitaux innovants : digitalisation des processus de gestion de la promotion, gestion des donn\u00e9es, r\u00e9alisation automatis\u00e9e des supports de promotions tels que les prospectus, PLV, sites e-commerces, banni\u00e8res web, hub de diffusion digitale&#8230;<\/span><br class=\"wixui-rich-text__text\" \/><br class=\"wixui-rich-text__text\" \/><span class=\"wixui-rich-text__text\">Une part importante du p\u00f4le d\u00e9veloppement et R&amp;D de ARISTID (15 collaborateurs) se trouve au centre-ville de Grenoble.<\/span><br class=\"wixui-rich-text__text\" \/><span class=\"wixui-rich-text__text\">Cette \u00e9quipe est en charge des d\u00e9veloppements et de la maintenance de la plateforme au coeur de la strat\u00e9gie de marketing op\u00e9rationnel des enseignes leader de la grande distribution Fran\u00e7aise (Carrefour, Auchan, Intermarch\u00e9, Leclerc et System U) mais \u00e9galement pour d&#8217;autres enseignes \u00e0 l&#8217;international (Espagne, Portugal, Russie, Canada).<\/span><br class=\"wixui-rich-text__text\" \/><br class=\"wixui-rich-text__text\" \/><span class=\"wixui-rich-text__text\">Vous aurez l\u2019opportunit\u00e9 de participer au d\u00e9marrage de la nouvelle plateforme retail-tech<span>\u00a0<\/span><\/span><span class=\"wixui-rich-text__text\"><strong>LEAV-Engine<\/strong><span>\u00a0<\/span><\/span><span class=\"wixui-rich-text__text\">no-code,\u00a0<\/span><strong><span class=\"wixui-rich-text__text\">loue-code<\/span><\/strong><span class=\"wixui-rich-text__text\">\u00a0et\u00a0<\/span><span class=\"wixui-rich-text__text\">bas\u00e9e sur un socle Open-source. Vous serez impliqu\u00e9 dans la conception et le d\u00e9veloppement des principaux modules, dans des domaines aussi vari\u00e9s que :<\/span><\/p>\n<ul>\n<li style=\"list-style-type: none;\">\n<ul class=\"font_8 wixui-rich-text__text\">\n<li class=\"wixui-rich-text__text\">\n<p class=\"font_8 wixui-rich-text__text\"><span class=\"wixui-rich-text__text\">\u00a0la planification et la gestion des projets,<\/span><\/p>\n<\/li>\n<li class=\"wixui-rich-text__text\">\n<p class=\"font_8 wixui-rich-text__text\"><span class=\"wixui-rich-text__text\">\u00a0le DATA Management (MDM),<\/span><\/p>\n<\/li>\n<li class=\"wixui-rich-text__text\">\n<p class=\"font_8 wixui-rich-text__text\"><span class=\"wixui-rich-text__text\">le Marketing PIM (Product Information Management),<\/span><\/p>\n<\/li>\n<li class=\"wixui-rich-text__text\">\n<p class=\"font_8 wixui-rich-text__text\"><span class=\"wixui-rich-text__text\">le DAM (Digital Asset Management),<\/span><\/p>\n<\/li>\n<li class=\"wixui-rich-text__text\">\n<p class=\"font_8 wixui-rich-text__text\"><span class=\"wixui-rich-text__text\">la gestion des Processus m\u00e9tiers (BPM), les notifications,<\/span><\/p>\n<\/li>\n<li class=\"wixui-rich-text__text\">\n<p class=\"font_8 wixui-rich-text__text\"><span class=\"wixui-rich-text__text\">la Gestion des permissions, Workflow Management, Module Chat, Modules IA pour aider \u00e0 la d\u00e9cision,<\/span><\/p>\n<\/li>\n<li class=\"wixui-rich-text__text\">\n<p class=\"font_8 wixui-rich-text__text\"><span class=\"wixui-rich-text__text\">l&#8217; interconnexion des ERP clients et la connexion vers les principales plateformes m\u00e9dias telles que Adobe Exp\u00e9rience Platform et GOOGLE DV360<\/span><\/p>\n<\/li>\n<li class=\"wixui-rich-text__text\">\n<p class=\"font_8 wixui-rich-text__text\"><span class=\"wixui-rich-text__text\">bien d&#8217;autres sujets, tous plus int\u00e9ressants les uns que les autres&#8230;<\/span><span class=\"wixui-rich-text__text\">\u200b<\/span><\/p>\n<\/li>\n<\/ul>\n<\/li>\n<\/ul>\n<p class=\"font_8 wixui-rich-text__text\"><br class=\"wixui-rich-text__text\" \/><strong><span class=\"wixui-rich-text__text\">Les mission d&#8217;un d\u00e9veloppeur s\u00e9nior :<\/span><\/strong><\/p>\n<ul>\n<li style=\"list-style-type: none;\">\n<ul class=\"font_8 wixui-rich-text__text\">\n<li class=\"wixui-rich-text__text\">\n<p class=\"font_8 wixui-rich-text__text\"><span class=\"wixui-rich-text__text\">Participer \u00e0 la conception des fonctions, des interfaces m\u00e9tiers et<span>\u00a0<\/span>\u00e0 l&#8217;exp\u00e9rience de l&#8217;utilisateur final.<\/span><\/p>\n<\/li>\n<li class=\"wixui-rich-text__text\">\n<p class=\"font_8 wixui-rich-text__text\"><span class=\"wixui-rich-text__text\">Participer \u00e0 l&#8217;\u00e9volution \/ adaptation des fonctions bas niveaux de la Plateforme Nocode LEAV-Engine aux besoins m\u00e9tiers<\/span><\/p>\n<\/li>\n<li class=\"wixui-rich-text__text\">\n<p class=\"font_8 wixui-rich-text__text\"><span class=\"wixui-rich-text__text\">D\u00e9velopper de nouvelles fonctionnalit\u00e9s et participer \u00e0 la qualit\u00e9 du produit, de l&#8217;architecture du code<\/span><\/p>\n<\/li>\n<li class=\"wixui-rich-text__text\">\n<p class=\"font_8 wixui-rich-text__text\"><span class=\"wixui-rich-text__text\">Prendre part aux choix technologiques et architecturaux faits avec le Directeur technique et participer au projet en appliquant les m\u00e9thodes agiles<\/span><\/p>\n<\/li>\n<li class=\"wixui-rich-text__text\">\n<p class=\"font_8 wixui-rich-text__text\"><span class=\"wixui-rich-text__text\">D\u00e9velopper de nouveaux modules du c\u00f4t\u00e9 client et du c\u00f4t\u00e9 serveur.<\/span><\/p>\n<\/li>\n<li class=\"wixui-rich-text__text\">\n<p class=\"font_8 wixui-rich-text__text\"><span class=\"wixui-rich-text__text\">Participer \u00e0 la vie d&#8217;\u00e9quipe en faisant des ajouts techniques sur l&#8217;architecture de la plateforme ou d&#8217;autres domaines.<\/span><\/p>\n<\/li>\n<li class=\"wixui-rich-text__text\">\n<p class=\"font_8 wixui-rich-text__text\"><span class=\"wixui-rich-text__text\">Renforcer l&#8217;\u00e9quipe en termes de comp\u00e9tences, de process, de formation et d&#8217;exp\u00e9rience.<\/span><\/p>\n<\/li>\n<\/ul>\n<\/li>\n<\/ul>\n<p class=\"font_8 wixui-rich-text__text\"><br class=\"wixui-rich-text__text\" \/><strong><span class=\"wixui-rich-text__text\">Exp\u00e9riences indispensables :<\/span><\/strong><\/p>\n<ul>\n<li style=\"list-style-type: none;\">\n<ul class=\"font_8 wixui-rich-text__text\">\n<li class=\"wixui-rich-text__text\">\n<p class=\"font_8 wixui-rich-text__text\"><span class=\"wixui-rich-text__text\">Javascript<\/span><\/p>\n<\/li>\n<li class=\"wixui-rich-text__text\">\n<p class=\"font_8 wixui-rich-text__text\"><span class=\"wixui-rich-text__text\">Node JS<\/span><\/p>\n<\/li>\n<li class=\"wixui-rich-text__text\">\n<p class=\"font_8 wixui-rich-text__text\"><span class=\"wixui-rich-text__text\">React<\/span><\/p>\n<\/li>\n<\/ul>\n<\/li>\n<\/ul>\n<p class=\"font_8 wixui-rich-text__text\"><strong><span class=\"wixui-rich-text__text\">Exp\u00e9riences souhait\u00e9es :<\/span><\/strong><\/p>\n<ul>\n<li style=\"list-style-type: none;\">\n<ul class=\"font_8 wixui-rich-text__text\">\n<li class=\"wixui-rich-text__text\">\n<p class=\"font_8 wixui-rich-text__text\"><span class=\"wixui-rich-text__text\">Typescript<\/span><\/p>\n<\/li>\n<li class=\"wixui-rich-text__text\">\n<p class=\"font_8 wixui-rich-text__text\"><span class=\"wixui-rich-text__text\">GraphQL<\/span><\/p>\n<\/li>\n<li class=\"wixui-rich-text__text\">\n<p class=\"font_8 wixui-rich-text__text\"><span class=\"wixui-rich-text__text\">Tests (unitaire, int\u00e9gration, e2e)<\/span><\/p>\n<\/li>\n<li class=\"wixui-rich-text__text\">\n<p class=\"font_8 wixui-rich-text__text\"><span class=\"wixui-rich-text__text\">Base de donn\u00e9es noSQL orient\u00e9 document et graphe<\/span><\/p>\n<\/li>\n<\/ul>\n<\/li>\n<\/ul>\n<p class=\"font_8 wixui-rich-text__text\"><br class=\"wixui-rich-text__text\" \/><strong><span class=\"wixui-rich-text__text\">Exp\u00e9rience appr\u00e9ci\u00e9e :<\/span><\/strong><\/p>\n<ul>\n<li style=\"list-style-type: none;\">\n<ul class=\"font_8 wixui-rich-text__text\">\n<li class=\"wixui-rich-text__text\">\n<p class=\"font_8 wixui-rich-text__text\"><span class=\"wixui-rich-text__text\">Base de donn\u00e9es ArangoDB<\/span><\/p>\n<\/li>\n<\/ul>\n<\/li>\n<\/ul>\n<p class=\"font_8 wixui-rich-text__text\"><br class=\"wixui-rich-text__text\" \/><strong><span class=\"wixui-rich-text__text\">Avantages :<\/span><\/strong><\/p>\n<ul>\n<li style=\"list-style-type: none;\">\n<ul class=\"font_8 wixui-rich-text__text\">\n<li class=\"wixui-rich-text__text\">\n<p class=\"font_8 wixui-rich-text__text\"><span class=\"wixui-rich-text__text\">Temps plein, CDI<\/span><\/p>\n<\/li>\n<li class=\"wixui-rich-text__text\">\n<p class=\"font_8 wixui-rich-text__text\"><span class=\"wixui-rich-text__text\">Salaire entre 45k\u20ac et 65k\u20ac brut annuel en fonction de l\u2019exp\u00e9rience<\/span><\/p>\n<\/li>\n<li class=\"wixui-rich-text__text\">\n<p class=\"font_8 wixui-rich-text__text\"><span class=\"wixui-rich-text__text\">Organisation du t\u00e9l\u00e9travail<\/span><\/p>\n<\/li>\n<li class=\"wixui-rich-text__text\">\n<p class=\"font_8 wixui-rich-text__text\"><span class=\"wixui-rich-text__text\">Horaires flexibles<\/span><\/p>\n<\/li>\n<li class=\"wixui-rich-text__text\">\n<p class=\"font_8 wixui-rich-text__text\"><span class=\"wixui-rich-text__text\">Ticket restaurant<\/span><\/p>\n<\/li>\n<\/ul>\n<\/li>\n<\/ul>\n<\/div>\n<\/div>\n<\/div>\n<p>[\/et_pb_text][\/et_pb_column][\/et_pb_row][et_pb_row _builder_version=&#8221;4.27.2&#8243; _module_preset=&#8221;default&#8221; border_width_top=&#8221;2px&#8221; border_color_top=&#8221;#e2e2e2&#8243; global_colors_info=&#8221;{}&#8221;][et_pb_column type=&#8221;4_4&#8243; _builder_version=&#8221;4.27.2&#8243; _module_preset=&#8221;default&#8221; global_colors_info=&#8221;{}&#8221;][et_pb_contact_form captcha=&#8221;off&#8221; email=&#8221;contact@aristid.com&#8221; submit_button_text=&#8221;Envoyer&#8221; _builder_version=&#8221;4.27.2&#8243; _module_preset=&#8221;default&#8221; _unique_id=&#8221;37c94b77-0cc1-499f-8415-b8b55a697cbd&#8221; form_field_background_color=&#8221;#ddd7e8&#8243; custom_button=&#8221;on&#8221; button_text_color=&#8221;#FFFFFF&#8221; button_bg_color=&#8221;#6639ea&#8221; button_border_width=&#8221;0px&#8221; button_border_radius=&#8221;60px&#8221; button_font=&#8221;|700|||||||&#8221; button_use_icon=&#8221;off&#8221; button_custom_margin=&#8221;||||false|false&#8221; button_custom_padding=&#8221;0.1%||0.1%||true|false&#8221; files_container_background=&#8221;#eeeeee&#8221; files_container_border=&#8221;on||||&#8221; files_container_border_color=&#8221;#8300E9&#8243; files_container_border_width=&#8221;0px&#8221; file_button_background=&#8221;#ddd7e8&#8243; file_button_color=&#8221;#8300E9&#8243; file_button_size=&#8221;18px&#8221; file_button_margin=&#8221;3%||||false|false&#8221; file_button_border=&#8221;on|381px|381px|381px|381px&#8221; file_button_border_color=&#8221;#8300e9&#8243; use_file_button_icon=&#8221;off&#8221; border_width_bottom=&#8221;2px&#8221; border_color_bottom=&#8221;#8300e9&#8243; global_colors_info=&#8221;{}&#8221; button_bg_color__hover_enabled=&#8221;on|desktop&#8221; button_bg_color__hover=&#8221;#b9a8ea&#8221; button_bg_enable_color__hover=&#8221;on&#8221;][et_pb_contact_field field_id=&#8221;Pr\u00e9nom&#8221; field_title=&#8221;Pr\u00e9nom&#8221; required_mark=&#8221;off&#8221; _builder_version=&#8221;4.27.2&#8243; global_colors_info=&#8221;{}&#8221; button_text_size__hover_enabled=&#8221;off&#8221; button_one_text_size__hover_enabled=&#8221;off&#8221; button_two_text_size__hover_enabled=&#8221;off&#8221; button_text_color__hover_enabled=&#8221;off&#8221; button_one_text_color__hover_enabled=&#8221;off&#8221; button_two_text_color__hover_enabled=&#8221;off&#8221; button_border_width__hover_enabled=&#8221;off&#8221; button_one_border_width__hover_enabled=&#8221;off&#8221; button_two_border_width__hover_enabled=&#8221;off&#8221; button_border_color__hover_enabled=&#8221;off&#8221; button_one_border_color__hover_enabled=&#8221;off&#8221; button_two_border_color__hover_enabled=&#8221;off&#8221; button_border_radius__hover_enabled=&#8221;off&#8221; button_one_border_radius__hover_enabled=&#8221;off&#8221; button_two_border_radius__hover_enabled=&#8221;off&#8221; button_letter_spacing__hover_enabled=&#8221;off&#8221; button_one_letter_spacing__hover_enabled=&#8221;off&#8221; button_two_letter_spacing__hover_enabled=&#8221;off&#8221; button_bg_color__hover_enabled=&#8221;off&#8221; button_one_bg_color__hover_enabled=&#8221;off&#8221; button_two_bg_color__hover_enabled=&#8221;off&#8221;][\/et_pb_contact_field][et_pb_contact_field field_id=&#8221;Nom_de_famille&#8221; field_title=&#8221;Nom de famille&#8221; required_mark=&#8221;off&#8221; _builder_version=&#8221;4.27.2&#8243; global_colors_info=&#8221;{}&#8221; button_text_size__hover_enabled=&#8221;off&#8221; button_one_text_size__hover_enabled=&#8221;off&#8221; button_two_text_size__hover_enabled=&#8221;off&#8221; button_text_color__hover_enabled=&#8221;off&#8221; button_one_text_color__hover_enabled=&#8221;off&#8221; button_two_text_color__hover_enabled=&#8221;off&#8221; button_border_width__hover_enabled=&#8221;off&#8221; button_one_border_width__hover_enabled=&#8221;off&#8221; button_two_border_width__hover_enabled=&#8221;off&#8221; button_border_color__hover_enabled=&#8221;off&#8221; button_one_border_color__hover_enabled=&#8221;off&#8221; button_two_border_color__hover_enabled=&#8221;off&#8221; button_border_radius__hover_enabled=&#8221;off&#8221; button_one_border_radius__hover_enabled=&#8221;off&#8221; button_two_border_radius__hover_enabled=&#8221;off&#8221; button_letter_spacing__hover_enabled=&#8221;off&#8221; button_one_letter_spacing__hover_enabled=&#8221;off&#8221; button_two_letter_spacing__hover_enabled=&#8221;off&#8221; button_bg_color__hover_enabled=&#8221;off&#8221; button_one_bg_color__hover_enabled=&#8221;off&#8221; button_two_bg_color__hover_enabled=&#8221;off&#8221;][\/et_pb_contact_field][et_pb_contact_field field_id=&#8221;Email&#8221; field_title=&#8221;Adresse e-mail&#8221; field_type=&#8221;email&#8221; _builder_version=&#8221;4.27.2&#8243; global_colors_info=&#8221;{}&#8221; button_text_size__hover_enabled=&#8221;off&#8221; button_one_text_size__hover_enabled=&#8221;off&#8221; button_two_text_size__hover_enabled=&#8221;off&#8221; button_text_color__hover_enabled=&#8221;off&#8221; button_one_text_color__hover_enabled=&#8221;off&#8221; button_two_text_color__hover_enabled=&#8221;off&#8221; button_border_width__hover_enabled=&#8221;off&#8221; button_one_border_width__hover_enabled=&#8221;off&#8221; button_two_border_width__hover_enabled=&#8221;off&#8221; button_border_color__hover_enabled=&#8221;off&#8221; button_one_border_color__hover_enabled=&#8221;off&#8221; button_two_border_color__hover_enabled=&#8221;off&#8221; button_border_radius__hover_enabled=&#8221;off&#8221; button_one_border_radius__hover_enabled=&#8221;off&#8221; button_two_border_radius__hover_enabled=&#8221;off&#8221; button_letter_spacing__hover_enabled=&#8221;off&#8221; button_one_letter_spacing__hover_enabled=&#8221;off&#8221; button_two_letter_spacing__hover_enabled=&#8221;off&#8221; button_bg_color__hover_enabled=&#8221;off&#8221; button_one_bg_color__hover_enabled=&#8221;off&#8221; button_two_bg_color__hover_enabled=&#8221;off&#8221;][\/et_pb_contact_field][et_pb_contact_field field_id=&#8221;Message&#8221; field_title=&#8221;Message&#8221; field_type=&#8221;text&#8221; fullwidth_field=&#8221;on&#8221; _builder_version=&#8221;4.16&#8243; global_colors_info=&#8221;{}&#8221; button_text_size__hover_enabled=&#8221;off&#8221; button_one_text_size__hover_enabled=&#8221;off&#8221; button_two_text_size__hover_enabled=&#8221;off&#8221; button_text_color__hover_enabled=&#8221;off&#8221; button_one_text_color__hover_enabled=&#8221;off&#8221; button_two_text_color__hover_enabled=&#8221;off&#8221; button_border_width__hover_enabled=&#8221;off&#8221; button_one_border_width__hover_enabled=&#8221;off&#8221; button_two_border_width__hover_enabled=&#8221;off&#8221; button_border_color__hover_enabled=&#8221;off&#8221; button_one_border_color__hover_enabled=&#8221;off&#8221; button_two_border_color__hover_enabled=&#8221;off&#8221; button_border_radius__hover_enabled=&#8221;off&#8221; button_one_border_radius__hover_enabled=&#8221;off&#8221; button_two_border_radius__hover_enabled=&#8221;off&#8221; button_letter_spacing__hover_enabled=&#8221;off&#8221; button_one_letter_spacing__hover_enabled=&#8221;off&#8221; button_two_letter_spacing__hover_enabled=&#8221;off&#8221; button_bg_color__hover_enabled=&#8221;off&#8221; button_one_bg_color__hover_enabled=&#8221;off&#8221; button_two_bg_color__hover_enabled=&#8221;off&#8221;][\/et_pb_contact_field][et_pb_contact_field field_id=&#8221;Input_Field&#8221; field_title=&#8221;Importer votre CV et lettre de motivation&#8221; _builder_version=&#8221;4.27.2&#8243; _module_preset=&#8221;default&#8221; text_orientation=&#8221;left&#8221; custom_margin=&#8221;2%||||false|false&#8221; use_field_label=&#8221;on&#8221; use_field_placeholder=&#8221;on&#8221; field_description=&#8221;Merci de joindre des documents au format .pdf&#8221; use_file_upload=&#8221;on&#8221; file_size=&#8221;25600&#8243; file_mime=&#8221;off|off|off|off|off|off|off|off|off|off|off|off|off|off|off|off|off|off|off|off|off|off|off|off|off|off|off|off|off|off|off|off|off|off|off|off|off|off|off|off|off|off|off|off|off|on|off|off|off|off|off|off|off|off|off|off|off|off|off|off|off|off|off|off|off|off|off|off|off|off|off|off|off|off|off|off|off|off|off|off|off|off|off|off|off|off|off|off|off|off|off|off|off&#8221; global_colors_info=&#8221;{}&#8221;][\/et_pb_contact_field][\/et_pb_contact_form][\/et_pb_column][\/et_pb_row][\/et_pb_section]<\/p>\n","protected":false},"excerpt":{"rendered":"<p>Rejoignez les \u00e9quipes tech d&#8217;ARISTID ! Nous sommes r\u00e9guli\u00e8rement \u00e0 la recherche des d\u00e9veloppeurs pour concevoir nos technologies.Retrouvez toute l&#8217;actualit\u00e9 de nos offres d&#8217;emploi et n&#8217;h\u00e9sitez pas \u00e0\u00a0postuler\u00a0en candidature libre sur\u00a0notre plateforme de recrutement sur www.aristid.comARISTID Retail Technology est le leader fran\u00e7ais de la transformation digitale de la communication retail. Dans le cadre des ses [&hellip;]<\/p>\n","protected":false},"author":2,"featured_media":0,"parent":0,"menu_order":0,"comment_status":"closed","ping_status":"closed","template":"","meta":{"_et_pb_use_builder":"on","_et_pb_old_content":"","_et_gb_content_width":"","footnotes":""},"class_list":["post-72","page","type-page","status-publish","hentry"],"_links":{"self":[{"href":"https:\/\/www.leav-engine.com\/index.php\/wp-json\/wp\/v2\/pages\/72","targetHints":{"allow":["GET"]}}],"collection":[{"href":"https:\/\/www.leav-engine.com\/index.php\/wp-json\/wp\/v2\/pages"}],"about":[{"href":"https:\/\/www.leav-engine.com\/index.php\/wp-json\/wp\/v2\/types\/page"}],"author":[{"embeddable":true,"href":"https:\/\/www.leav-engine.com\/index.php\/wp-json\/wp\/v2\/users\/2"}],"replies":[{"embeddable":true,"href":"https:\/\/www.leav-engine.com\/index.php\/wp-json\/wp\/v2\/comments?post=72"}],"version-history":[{"count":16,"href":"https:\/\/www.leav-engine.com\/index.php\/wp-json\/wp\/v2\/pages\/72\/revisions"}],"predecessor-version":[{"id":386,"href":"https:\/\/www.leav-engine.com\/index.php\/wp-json\/wp\/v2\/pages\/72\/revisions\/386"}],"wp:attachment":[{"href":"https:\/\/www.leav-engine.com\/index.php\/wp-json\/wp\/v2\/media?parent=72"}],"curies":[{"name":"wp","href":"https:\/\/api.w.org\/{rel}","templated":true}]}}